{"id":14,"date":"2025-09-01T21:27:34","date_gmt":"2025-09-01T19:27:34","guid":{"rendered":"https:\/\/www.duodecoeur.fr\/?page_id=14"},"modified":"2025-11-17T21:35:38","modified_gmt":"2025-11-17T20:35:38","slug":"course-du-coeur","status":"publish","type":"page","link":"https:\/\/www.duodecoeur.fr\/?page_id=14","title":{"rendered":"La Course du Coeur"},"content":{"rendered":"\t\t<div data-elementor-type=\"wp-page\" data-elementor-id=\"14\" class=\"elementor elementor-14\">\n\t\t\t\t<div class=\"elementor-element elementor-element-05d56cf e-flex e-con-boxed e-con e-parent\" data-id=\"05d56cf\" data-element_type=\"container\">\n\t\t\t\t\t<div class=\"e-con-inner\">\n\t\t\t\t<div class=\"elementor-element elementor-element-b40f2ac elementor-widget elementor-widget-text-editor\" data-id=\"b40f2ac\" data-element_type=\"widget\" data-widget_type=\"text-editor.default\">\n\t\t\t\t\t\t\t\t\t\n<h1>D\u00e9part pour la 39\u00e8me \u00e9dition de la course du coeur \u00ab\u00a0Paris \/ Bourg Saint-Maurice &#8211; Les Arcs\u00a0\u00bb &#8211; Du 25 au 29 Mars 2026<\/h1>\n\t\t\t\t\t\t\t\t<\/div>\n\t\t\t\t\t<\/div>\n\t\t\t\t<\/div>\n\t\t<div class=\"elementor-element elementor-element-63e1c43 e-flex e-con-boxed e-con e-parent\" data-id=\"63e1c43\" data-element_type=\"container\">\n\t\t\t\t\t<div class=\"e-con-inner\">\n\t\t\t\t<div class=\"elementor-element elementor-element-f2fbd40 elementor-widget elementor-widget-shortcode\" data-id=\"f2fbd40\" data-element_type=\"widget\" data-widget_type=\"shortcode.default\">\n\t\t\t\t\t\t\t<div class=\"elementor-shortcode\"><\/div>\n\t\t\t\t\t\t<\/div>\n\t\t\t\t<div class=\"elementor-element elementor-element-eb1c0c3 elementor-widget elementor-widget-text-editor\" data-id=\"eb1c0c3\" data-element_type=\"widget\" data-widget_type=\"text-editor.default\">\n\t\t\t\t\t\t\t\t\t<p>\u00ab\u00a0Paris \/ Bourg Saint Maurice &#8211; Les Arcs\u00a0\u00bb : D\u00e9part de la Course du C\u0153ur de Paris, le mercredi 25 mars 2026 !<\/p>\n<p>La Course du C\u0153ur reprend le d\u00e9part <strong>pour 4 jours et 4 nuits<\/strong> d&rsquo;une course ressemblant \u00e0 nulle autre, et donne l&rsquo;occasion d&rsquo;une formidable <strong>campagne de sensibilisation au don d&rsquo;organes, de moelle osseuse et de tissus<\/strong>.\u00a0<\/p>\t\t\t\t\t\t\t\t<\/div>\n\t\t\t\t<div class=\"elementor-element elementor-element-2c6d237 elementor-widget elementor-widget-image\" data-id=\"2c6d237\" data-element_type=\"widget\" data-widget_type=\"image.default\">\n\t\t\t\t\t\t\t\t\t\t\t\t\t\t\t<img fetchpriority=\"high\" decoding=\"async\" width=\"900\" height=\"300\" src=\"https:\/\/www.duodecoeur.fr\/wp-content\/uploads\/2025\/09\/banniere_cdc.jpg\" class=\"attachment-large size-large wp-image-60\" alt=\"\" srcset=\"https:\/\/www.duodecoeur.fr\/wp-content\/uploads\/2025\/09\/banniere_cdc.jpg 900w, https:\/\/www.duodecoeur.fr\/wp-content\/uploads\/2025\/09\/banniere_cdc-300x100.jpg 300w\" sizes=\"100vw\" \/>\t\t\t\t\t\t\t\t\t\t\t\t\t\t\t<\/div>\n\t\t\t\t<div class=\"elementor-element elementor-element-e1a92a4 elementor-widget elementor-widget-text-editor\" data-id=\"e1a92a4\" data-element_type=\"widget\" data-widget_type=\"text-editor.default\">\n\t\t\t\t\t\t\t\t\t<p>La Course du Coeur, course d&rsquo;\u00e9quipes d&rsquo;entreprises (14 coureurs), hommage au regrett\u00e9 Pr Christian Cabrol &#8211; parrain historique et pionnier des greffes cardiaques en Europe, soutenue par le Minist\u00e8re des Sports, engendre du lien entre les participants d&rsquo;une \u00e9quipe, elle transcende l&rsquo;esprit d&rsquo;appartenance et renforce son identit\u00e9. La composition \u00ab subtile \u00bb d&rsquo;une \u00e9quipe peut lui donner une valeur strat\u00e9gique. Des \u00e9quipes d&rsquo;entreprises priv\u00e9es, des collectivit\u00e9s publiques ou des \u00e9tablissements de sant\u00e9 participent \u00e0 la Course du Coeur, qui se r\u00e9v\u00e8le un excellent outil de communication interne et de mise en synergie.<\/p>\n<p>Trouvez quelques informations concernant le d\u00e9veloppement des actions sociales au sein d\u2019une entreprise\u00a0:\u00a0<a href=\"https:\/\/www.linkedin.com\/pulse\/comment-les-pratiques-du-secteur-social-et-de-la-sant%C3%A9-boyer\" target=\"_blank\" rel=\"noopener\">ici<\/a>.<\/p>\n<p>Prenez connaissance du <a href=\"https:\/\/lacourseducoeur.com\/images\/CDC_2026\/T%C3%A9l%C3%A9chargements\/Dossier_pr%C3%A9sentation_-_Course_du_Coeur_2026.pdf\" target=\"_self\">dossier de pr\u00e9sentation<\/a> et du\u00a0<a href=\"https:\/\/lacourseducoeur.com\/images\/CDC_2026\/T%C3%A9l%C3%A9chargements\/Cahier_des_Charges_-_Equipe_CDC_mars_2026.pdf\" target=\"_self\">cahier des charges<\/a>\u00a0des \u00e9quipes de la Course 2026.\u00a0<\/p>\n<p><em><br \/>Pour un bel aper\u00e7u de cet \u00e9v\u00e9nement, plongez au c\u0153ur de la Course du C\u0153ur 2025 \u00e0 travers<\/em>\u00a0<a href=\"https:\/\/lacourseducoeur.com\/communication\/photos-videos\/1016-photos-2025\"><em>les photos<\/em><\/a><em>,\u00a0<\/em><a href=\"https:\/\/lacourseducoeur.com\/communication\/photos-videos\/1017-videos-2025\"><em>les vid\u00e9os<\/em><\/a><em>\u00a0et\u00a0<\/em><a href=\"https:\/\/www.youtube.com\/watch?v=fwozdf-bIbE\" target=\"_blank\" rel=\"noopener\"><em>le film<\/em><\/a><em>.\u00a0<\/em><\/p>\t\t\t\t\t\t\t\t<\/div>\n\t\t\t\t<div class=\"elementor-element elementor-element-8f149c2 elementor-widget elementor-widget-html\" data-id=\"8f149c2\" data-element_type=\"widget\" data-widget_type=\"html.default\">\n\t\t\t\t\t<iframe width=\"1060\" height=\"596\" src=\"https:\/\/www.youtube.com\/embed\/fwozdf-bIbE\" title=\"Le film int\u00e9gral de la Course du C\u0153ur 2025\" frameborder=\"0\" allow=\"accelerometer; autoplay; clipboard-write; encrypted-media; gyroscope; picture-in-picture; web-share\" referrerpolicy=\"strict-origin-when-cross-origin\" allowfullscreen><\/iframe>\t\t\t\t<\/div>\n\t\t\t\t\t<\/div>\n\t\t\t\t<\/div>\n\t\t\t\t<\/div>\n\t\t","protected":false},"excerpt":{"rendered":"<p>D\u00e9part pour la 39\u00e8me \u00e9dition de la course du coeur \u00ab\u00a0Paris \/ Bourg Saint-Maurice &#8211; Les Arcs\u00a0\u00bb &#8211; Du 25 au 29 Mars 2026 \u00ab\u00a0Paris \/ Bourg Saint Maurice &#8211; Les Arcs\u00a0\u00bb : D\u00e9part de la Course du C\u0153ur de Paris, le mercredi 25 mars 2026 ! La Course du C\u0153ur reprend le d\u00e9part pour &hellip; <\/p>\n<p class=\"link-more\"><a href=\"https:\/\/www.duodecoeur.fr\/?page_id=14\" class=\"more-link\">Lire la suite de<span class=\"screen-reader-text\">\u00ab\u00a0La Course du Coeur\u00a0\u00bb<\/span><\/a><\/p>\n","protected":false},"author":1,"featured_media":186,"parent":0,"menu_order":0,"comment_status":"closed","ping_status":"closed","template":"","meta":{"footnotes":""},"class_list":["post-14","page","type-page","status-publish","has-post-thumbnail","hentry"],"yoast_head":"<!-- This site is optimized with the Yoast SEO plugin v26.3 - https:\/\/yoast.com\/wordpress\/plugins\/seo\/ -->\n<title>La Course du Coeur - Association &quot;Duo de C\u0153ur&quot;<\/title>\n<meta name=\"description\" content=\"\u00ab Participez ou soutenez la Course du C\u0153ur (Paris \u2192 Bourg-Saint-Maurice) : 800 km de relais pour faire vivre et promouvoir le don d\u2019organes aux c\u00f4t\u00e9s de Duo de C\u0153ur. \u00bb\" \/>\n<meta name=\"robots\" content=\"index, follow, max-snippet:-1, max-image-preview:large, max-video-preview:-1\" \/>\n<link rel=\"canonical\" href=\"https:\/\/www.duodecoeur.fr\/?page_id=14\" \/>\n<meta property=\"og:locale\" content=\"fr_FR\" \/>\n<meta property=\"og:type\" content=\"article\" \/>\n<meta property=\"og:title\" content=\"La Course du Coeur - Association &quot;Duo de C\u0153ur&quot;\" \/>\n<meta property=\"og:description\" content=\"\u00ab Participez ou soutenez la Course du C\u0153ur (Paris \u2192 Bourg-Saint-Maurice) : 800 km de relais pour faire vivre et promouvoir le don d\u2019organes aux c\u00f4t\u00e9s de Duo de C\u0153ur. \u00bb\" \/>\n<meta property=\"og:url\" content=\"https:\/\/www.duodecoeur.fr\/?page_id=14\" \/>\n<meta property=\"og:site_name\" content=\"Association &quot;Duo de C\u0153ur&quot;\" \/>\n<meta property=\"article:modified_time\" content=\"2025-11-17T20:35:38+00:00\" \/>\n<meta property=\"og:image\" content=\"https:\/\/www.duodecoeur.fr\/wp-content\/uploads\/2025\/09\/CDC-J2-DEF-_-448-e1757491813903.jpg\" \/>\n\t<meta property=\"og:image:width\" content=\"2210\" \/>\n\t<meta property=\"og:image:height\" content=\"1102\" \/>\n\t<meta property=\"og:image:type\" content=\"image\/jpeg\" \/>\n<meta name=\"twitter:card\" content=\"summary_large_image\" \/>\n<meta name=\"twitter:label1\" content=\"Dur\u00e9e de lecture estim\u00e9e\" \/>\n\t<meta name=\"twitter:data1\" content=\"2 minutes\" \/>\n<script type=\"application\/ld+json\" class=\"yoast-schema-graph\">{\"@context\":\"https:\/\/schema.org\",\"@graph\":[{\"@type\":\"WebPage\",\"@id\":\"https:\/\/www.duodecoeur.fr\/?page_id=14\",\"url\":\"https:\/\/www.duodecoeur.fr\/?page_id=14\",\"name\":\"La Course du Coeur - Association &quot;Duo de C\u0153ur&quot;\",\"isPartOf\":{\"@id\":\"https:\/\/www.duodecoeur.fr\/#website\"},\"primaryImageOfPage\":{\"@id\":\"https:\/\/www.duodecoeur.fr\/?page_id=14#primaryimage\"},\"image\":{\"@id\":\"https:\/\/www.duodecoeur.fr\/?page_id=14#primaryimage\"},\"thumbnailUrl\":\"https:\/\/www.duodecoeur.fr\/wp-content\/uploads\/2025\/09\/CDC-J2-DEF-_-448-e1757491813903.jpg\",\"datePublished\":\"2025-09-01T19:27:34+00:00\",\"dateModified\":\"2025-11-17T20:35:38+00:00\",\"description\":\"\u00ab Participez ou soutenez la Course du C\u0153ur (Paris \u2192 Bourg-Saint-Maurice) : 800 km de relais pour faire vivre et promouvoir le don d\u2019organes aux c\u00f4t\u00e9s de Duo de C\u0153ur. \u00bb\",\"breadcrumb\":{\"@id\":\"https:\/\/www.duodecoeur.fr\/?page_id=14#breadcrumb\"},\"inLanguage\":\"fr-FR\",\"potentialAction\":[{\"@type\":\"ReadAction\",\"target\":[\"https:\/\/www.duodecoeur.fr\/?page_id=14\"]}]},{\"@type\":\"ImageObject\",\"inLanguage\":\"fr-FR\",\"@id\":\"https:\/\/www.duodecoeur.fr\/?page_id=14#primaryimage\",\"url\":\"https:\/\/www.duodecoeur.fr\/wp-content\/uploads\/2025\/09\/CDC-J2-DEF-_-448-e1757491813903.jpg\",\"contentUrl\":\"https:\/\/www.duodecoeur.fr\/wp-content\/uploads\/2025\/09\/CDC-J2-DEF-_-448-e1757491813903.jpg\",\"width\":2210,\"height\":1102},{\"@type\":\"BreadcrumbList\",\"@id\":\"https:\/\/www.duodecoeur.fr\/?page_id=14#breadcrumb\",\"itemListElement\":[{\"@type\":\"ListItem\",\"position\":1,\"name\":\"Accueil\",\"item\":\"https:\/\/www.duodecoeur.fr\/\"},{\"@type\":\"ListItem\",\"position\":2,\"name\":\"La Course du Coeur\"}]},{\"@type\":\"WebSite\",\"@id\":\"https:\/\/www.duodecoeur.fr\/#website\",\"url\":\"https:\/\/www.duodecoeur.fr\/\",\"name\":\"Association \\\"Duo de C\u0153ur\\\"\",\"description\":\"Du 25 au 29 mars 2026 : La 39\u00e8me \u00e9dition de la Course du C\u0153ur &quot;Paris \/ Bourg Saint Maurice - Les Arcs&quot;\",\"publisher\":{\"@id\":\"https:\/\/www.duodecoeur.fr\/#organization\"},\"potentialAction\":[{\"@type\":\"SearchAction\",\"target\":{\"@type\":\"EntryPoint\",\"urlTemplate\":\"https:\/\/www.duodecoeur.fr\/?s={search_term_string}\"},\"query-input\":{\"@type\":\"PropertyValueSpecification\",\"valueRequired\":true,\"valueName\":\"search_term_string\"}}],\"inLanguage\":\"fr-FR\"},{\"@type\":\"Organization\",\"@id\":\"https:\/\/www.duodecoeur.fr\/#organization\",\"name\":\"Association \\\"Duo de C\u0153ur\\\"\",\"url\":\"https:\/\/www.duodecoeur.fr\/\",\"logo\":{\"@type\":\"ImageObject\",\"inLanguage\":\"fr-FR\",\"@id\":\"https:\/\/www.duodecoeur.fr\/#\/schema\/logo\/image\/\",\"url\":\"https:\/\/www.duodecoeur.fr\/wp-content\/uploads\/2025\/09\/cropped-Duo-de-coeur.png\",\"contentUrl\":\"https:\/\/www.duodecoeur.fr\/wp-content\/uploads\/2025\/09\/cropped-Duo-de-coeur.png\",\"width\":850,\"height\":721,\"caption\":\"Association \\\"Duo de C\u0153ur\\\"\"},\"image\":{\"@id\":\"https:\/\/www.duodecoeur.fr\/#\/schema\/logo\/image\/\"},\"sameAs\":[\"https:\/\/www.instagram.com\/association.duo.de.coeur\/\"]}]}<\/script>\n<!-- \/ Yoast SEO plugin. -->","yoast_head_json":{"title":"La Course du Coeur - Association &quot;Duo de C\u0153ur&quot;","description":"\u00ab Participez ou soutenez la Course du C\u0153ur (Paris \u2192 Bourg-Saint-Maurice) : 800 km de relais pour faire vivre et promouvoir le don d\u2019organes aux c\u00f4t\u00e9s de Duo de C\u0153ur. \u00bb","robots":{"index":"index","follow":"follow","max-snippet":"max-snippet:-1","max-image-preview":"max-image-preview:large","max-video-preview":"max-video-preview:-1"},"canonical":"https:\/\/www.duodecoeur.fr\/?page_id=14","og_locale":"fr_FR","og_type":"article","og_title":"La Course du Coeur - Association &quot;Duo de C\u0153ur&quot;","og_description":"\u00ab Participez ou soutenez la Course du C\u0153ur (Paris \u2192 Bourg-Saint-Maurice) : 800 km de relais pour faire vivre et promouvoir le don d\u2019organes aux c\u00f4t\u00e9s de Duo de C\u0153ur. \u00bb","og_url":"https:\/\/www.duodecoeur.fr\/?page_id=14","og_site_name":"Association &quot;Duo de C\u0153ur&quot;","article_modified_time":"2025-11-17T20:35:38+00:00","og_image":[{"width":2210,"height":1102,"url":"https:\/\/www.duodecoeur.fr\/wp-content\/uploads\/2025\/09\/CDC-J2-DEF-_-448-e1757491813903.jpg","type":"image\/jpeg"}],"twitter_card":"summary_large_image","twitter_misc":{"Dur\u00e9e de lecture estim\u00e9e":"2 minutes"},"schema":{"@context":"https:\/\/schema.org","@graph":[{"@type":"WebPage","@id":"https:\/\/www.duodecoeur.fr\/?page_id=14","url":"https:\/\/www.duodecoeur.fr\/?page_id=14","name":"La Course du Coeur - Association &quot;Duo de C\u0153ur&quot;","isPartOf":{"@id":"https:\/\/www.duodecoeur.fr\/#website"},"primaryImageOfPage":{"@id":"https:\/\/www.duodecoeur.fr\/?page_id=14#primaryimage"},"image":{"@id":"https:\/\/www.duodecoeur.fr\/?page_id=14#primaryimage"},"thumbnailUrl":"https:\/\/www.duodecoeur.fr\/wp-content\/uploads\/2025\/09\/CDC-J2-DEF-_-448-e1757491813903.jpg","datePublished":"2025-09-01T19:27:34+00:00","dateModified":"2025-11-17T20:35:38+00:00","description":"\u00ab Participez ou soutenez la Course du C\u0153ur (Paris \u2192 Bourg-Saint-Maurice) : 800 km de relais pour faire vivre et promouvoir le don d\u2019organes aux c\u00f4t\u00e9s de Duo de C\u0153ur. \u00bb","breadcrumb":{"@id":"https:\/\/www.duodecoeur.fr\/?page_id=14#breadcrumb"},"inLanguage":"fr-FR","potentialAction":[{"@type":"ReadAction","target":["https:\/\/www.duodecoeur.fr\/?page_id=14"]}]},{"@type":"ImageObject","inLanguage":"fr-FR","@id":"https:\/\/www.duodecoeur.fr\/?page_id=14#primaryimage","url":"https:\/\/www.duodecoeur.fr\/wp-content\/uploads\/2025\/09\/CDC-J2-DEF-_-448-e1757491813903.jpg","contentUrl":"https:\/\/www.duodecoeur.fr\/wp-content\/uploads\/2025\/09\/CDC-J2-DEF-_-448-e1757491813903.jpg","width":2210,"height":1102},{"@type":"BreadcrumbList","@id":"https:\/\/www.duodecoeur.fr\/?page_id=14#breadcrumb","itemListElement":[{"@type":"ListItem","position":1,"name":"Accueil","item":"https:\/\/www.duodecoeur.fr\/"},{"@type":"ListItem","position":2,"name":"La Course du Coeur"}]},{"@type":"WebSite","@id":"https:\/\/www.duodecoeur.fr\/#website","url":"https:\/\/www.duodecoeur.fr\/","name":"Association \"Duo de C\u0153ur\"","description":"Du 25 au 29 mars 2026 : La 39\u00e8me \u00e9dition de la Course du C\u0153ur &quot;Paris \/ Bourg Saint Maurice - Les Arcs&quot;","publisher":{"@id":"https:\/\/www.duodecoeur.fr\/#organization"},"potentialAction":[{"@type":"SearchAction","target":{"@type":"EntryPoint","urlTemplate":"https:\/\/www.duodecoeur.fr\/?s={search_term_string}"},"query-input":{"@type":"PropertyValueSpecification","valueRequired":true,"valueName":"search_term_string"}}],"inLanguage":"fr-FR"},{"@type":"Organization","@id":"https:\/\/www.duodecoeur.fr\/#organization","name":"Association \"Duo de C\u0153ur\"","url":"https:\/\/www.duodecoeur.fr\/","logo":{"@type":"ImageObject","inLanguage":"fr-FR","@id":"https:\/\/www.duodecoeur.fr\/#\/schema\/logo\/image\/","url":"https:\/\/www.duodecoeur.fr\/wp-content\/uploads\/2025\/09\/cropped-Duo-de-coeur.png","contentUrl":"https:\/\/www.duodecoeur.fr\/wp-content\/uploads\/2025\/09\/cropped-Duo-de-coeur.png","width":850,"height":721,"caption":"Association \"Duo de C\u0153ur\""},"image":{"@id":"https:\/\/www.duodecoeur.fr\/#\/schema\/logo\/image\/"},"sameAs":["https:\/\/www.instagram.com\/association.duo.de.coeur\/"]}]}},"_links":{"self":[{"href":"https:\/\/www.duodecoeur.fr\/index.php?rest_route=\/wp\/v2\/pages\/14","targetHints":{"allow":["GET"]}}],"collection":[{"href":"https:\/\/www.duodecoeur.fr\/index.php?rest_route=\/wp\/v2\/pages"}],"about":[{"href":"https:\/\/www.duodecoeur.fr\/index.php?rest_route=\/wp\/v2\/types\/page"}],"author":[{"embeddable":true,"href":"https:\/\/www.duodecoeur.fr\/index.php?rest_route=\/wp\/v2\/users\/1"}],"replies":[{"embeddable":true,"href":"https:\/\/www.duodecoeur.fr\/index.php?rest_route=%2Fwp%2Fv2%2Fcomments&post=14"}],"version-history":[{"count":27,"href":"https:\/\/www.duodecoeur.fr\/index.php?rest_route=\/wp\/v2\/pages\/14\/revisions"}],"predecessor-version":[{"id":300,"href":"https:\/\/www.duodecoeur.fr\/index.php?rest_route=\/wp\/v2\/pages\/14\/revisions\/300"}],"wp:featuredmedia":[{"embeddable":true,"href":"https:\/\/www.duodecoeur.fr\/index.php?rest_route=\/wp\/v2\/media\/186"}],"wp:attachment":[{"href":"https:\/\/www.duodecoeur.fr\/index.php?rest_route=%2Fwp%2Fv2%2Fmedia&parent=14"}],"curies":[{"name":"wp","href":"https:\/\/api.w.org\/{rel}","templated":true}]}}