{"id":15,"date":"2025-09-01T21:27:34","date_gmt":"2025-09-01T19:27:34","guid":{"rendered":"https:\/\/www.duodecoeur.fr\/?page_id=15"},"modified":"2025-11-17T21:29:02","modified_gmt":"2025-11-17T20:29:02","slug":"contact","status":"publish","type":"page","link":"https:\/\/www.duodecoeur.fr\/?page_id=15","title":{"rendered":"Contact"},"content":{"rendered":"\t\t<div data-elementor-type=\"wp-page\" data-elementor-id=\"15\" class=\"elementor elementor-15\">\n\t\t\t\t<div class=\"elementor-element elementor-element-2bebdd0e e-flex e-con-boxed e-con e-parent\" data-id=\"2bebdd0e\" data-element_type=\"container\">\n\t\t\t\t\t<div class=\"e-con-inner\">\n\t\t\t\t<div class=\"elementor-element elementor-element-139442a7 elementor-widget elementor-widget-text-editor\" data-id=\"139442a7\" data-element_type=\"widget\" data-widget_type=\"text-editor.default\">\n\t\t\t\t\t\t\t\t\t\n<p>Vous souhaitez nous contacter ? Alors c&rsquo;est par ici :<\/p>\n\t\t\t\t\t\t\t\t<\/div>\n\t\t\t\t\t<\/div>\n\t\t\t\t<\/div>\n\t\t<div class=\"elementor-element elementor-element-a3f2ef8 e-flex e-con-boxed e-con e-parent\" data-id=\"a3f2ef8\" data-element_type=\"container\">\n\t\t\t\t\t<div class=\"e-con-inner\">\n\t\t\t\t<div class=\"elementor-element elementor-element-b9155d7 fluentform-widget-submit-button-custom elementor-widget elementor-widget-fluent-form-widget\" data-id=\"b9155d7\" data-element_type=\"widget\" data-widget_type=\"fluent-form-widget.default\">\n\t\t\t\t<div class=\"elementor-widget-container\">\n\t\t\t\t\t\n            <div class=\"fluentform-widget-wrapper fluentform-widget-align-default\">\n\n            \n            <div class='fluentform ff-default fluentform_wrapper_1 ffs_default_wrap'><form data-form_id=\"1\" id=\"fluentform_1\" class=\"frm-fluent-form fluent_form_1 ff-el-form-top ff_form_instance_1_1 ff-form-loading ff_has_v3_recptcha ffs_default\" data-form_instance=\"ff_form_instance_1_1\" method=\"POST\" data-recptcha_key=\"6Lc13r0rAAAAABHBvNsrOeiWOkW1wVvCqzEh9qkG\" ><fieldset  style=\"border: none!important;margin: 0!important;padding: 0!important;background-color: transparent!important;box-shadow: none!important;outline: none!important; min-inline-size: 100%;\">\n                    <legend class=\"ff_screen_reader_title\" style=\"display: block; margin: 0!important;padding: 0!important;height: 0!important;text-indent: -999999px;width: 0!important;overflow:hidden;\">Formulaire de contact<\/legend><input type='hidden' name='__fluent_form_embded_post_id' value='15' \/><input type=\"hidden\" id=\"_fluentform_1_fluentformnonce\" name=\"_fluentform_1_fluentformnonce\" value=\"daff6fc830\" \/><input type=\"hidden\" name=\"_wp_http_referer\" value=\"\/index.php?rest_route=%2Fwp%2Fv2%2Fpages%2F15\" \/><div data-type=\"name-element\" data-name=\"names\" class=\" ff-field_container ff-name-field-wrapper\" ><div class='ff-t-container'><div class='ff-t-cell '><div class='ff-el-group'><div class=\"ff-el-input--label ff-el-is-required asterisk-right\"><label for='ff_1_names_first_name_' >Pr\u00e9nom<\/label><\/div><div class='ff-el-input--content'><input type=\"text\" name=\"names[first_name]\" id=\"ff_1_names_first_name_\" class=\"ff-el-form-control\" placeholder=\"Pr\u00e9nom\" aria-invalid=\"false\" aria-required=true><\/div><\/div><\/div><div class='ff-t-cell '><div class='ff-el-group'><div class=\"ff-el-input--label ff-el-is-required asterisk-right\"><label for='ff_1_names_last_name_' >Nom<\/label><\/div><div class='ff-el-input--content'><input type=\"text\" name=\"names[last_name]\" id=\"ff_1_names_last_name_\" class=\"ff-el-form-control\" placeholder=\"Nom\" aria-invalid=\"false\" aria-required=true><\/div><\/div><\/div><\/div><\/div><div class='ff-el-group'><div class=\"ff-el-input--label ff-el-is-required asterisk-right\"><label for='ff_1_email' aria-label=\"Email\">Email<\/label><\/div><div class='ff-el-input--content'><input type=\"email\" name=\"email\" id=\"ff_1_email\" class=\"ff-el-form-control\" placeholder=\"Adresse email\" data-name=\"email\"  aria-invalid=\"false\" aria-required=true><\/div><\/div><div class='ff-el-group'><div class=\"ff-el-input--label ff-el-is-required asterisk-right\"><label for='ff_1_subject' aria-label=\"Objet\">Objet<\/label><\/div><div class='ff-el-input--content'><input type=\"text\" name=\"subject\" class=\"ff-el-form-control\" placeholder=\"Objet de votre message\" data-name=\"subject\" id=\"ff_1_subject\"  aria-invalid=\"false\" aria-required=true><\/div><\/div><div class='ff-el-group'><div class=\"ff-el-input--label ff-el-is-required asterisk-right\"><label for='ff_1_message' aria-label=\"Votre message\">Votre message<\/label><\/div><div class='ff-el-input--content'><textarea aria-invalid=\"false\" aria-required=true name=\"message\" id=\"ff_1_message\" class=\"ff-el-form-control\" placeholder=\"Votre message\" rows=\"4\" cols=\"2\" data-name=\"message\" ><\/textarea><\/div><\/div><div class='ff-el-group ff-text-left ff_submit_btn_wrapper'><button type=\"submit\" class=\"ff-btn ff-btn-submit ff-btn-md ff_btn_style\" >Envoyer<\/button><\/div><\/fieldset><\/form><div id='fluentform_1_errors' class='ff-errors-in-stack ff_form_instance_1_1 ff-form-loading_errors ff_form_instance_1_1_errors'><\/div><\/div>        <script type=\"text\/javascript\">\n            window.fluent_form_ff_form_instance_1_1 = {\"id\":\"1\",\"settings\":{\"layout\":{\"labelPlacement\":\"top\",\"helpMessagePlacement\":\"with_label\",\"errorMessagePlacement\":\"inline\",\"cssClassName\":\"\",\"asteriskPlacement\":\"asterisk-right\"},\"restrictions\":{\"denyEmptySubmission\":{\"enabled\":false}}},\"form_instance\":\"ff_form_instance_1_1\",\"form_id_selector\":\"fluentform_1\",\"rules\":{\"names[first_name]\":{\"required\":{\"value\":true,\"message\":\"Ce champ est obligatoire.\",\"global\":false,\"global_message\":\"Ce champ est obligatoire\"}},\"names[middle_name]\":{\"required\":{\"value\":false,\"message\":\"This field is required\",\"global\":false,\"global_message\":\"Ce champ est obligatoire\"}},\"names[last_name]\":{\"required\":{\"value\":true,\"message\":\"Ce champ est obligatoire.\",\"global\":false,\"global_message\":\"Ce champ est obligatoire\"}},\"email\":{\"required\":{\"value\":true,\"message\":\"Ce champ est obligatoire.\",\"global\":false,\"global_message\":\"Ce champ est obligatoire\"},\"email\":{\"value\":true,\"message\":\"Ce champ doit contenir une adresse mail valide.\",\"global\":false,\"global_message\":\"Ce champ doit contenir un e-mail valide\"}},\"subject\":{\"required\":{\"value\":true,\"message\":\"Ce champ est obligatoire.\",\"global\":false,\"global_message\":\"Ce champ est obligatoire\"}},\"message\":{\"required\":{\"value\":true,\"message\":\"Ce champ est obligatoire.\",\"global\":false,\"global_message\":\"Ce champ est obligatoire\"}},\"g-recaptcha-response\":[]},\"debounce_time\":300};\n                    <\/script>\n                    <\/div>\n\n            \t\t\t\t<\/div>\n\t\t\t\t<\/div>\n\t\t\t\t\t<\/div>\n\t\t\t\t<\/div>\n\t\t\t\t<\/div>\n\t\t","protected":false},"excerpt":{"rendered":"<p>Vous souhaitez nous contacter ? Alors c&rsquo;est par ici : Formulaire de contact Pr\u00e9nomNomEmailObjetVotre messageEnvoyer<\/p>\n","protected":false},"author":1,"featured_media":196,"parent":0,"menu_order":0,"comment_status":"closed","ping_status":"closed","template":"","meta":{"footnotes":""},"class_list":["post-15","page","type-page","status-publish","has-post-thumbnail","hentry"],"yoast_head":"<!-- This site is optimized with the Yoast SEO plugin v26.3 - https:\/\/yoast.com\/wordpress\/plugins\/seo\/ -->\n<title>Contact - Association &quot;Duo de C\u0153ur&quot;<\/title>\n<meta name=\"robots\" content=\"index, follow, max-snippet:-1, max-image-preview:large, max-video-preview:-1\" \/>\n<link rel=\"canonical\" href=\"https:\/\/www.duodecoeur.fr\/?page_id=15\" \/>\n<meta property=\"og:locale\" content=\"fr_FR\" \/>\n<meta property=\"og:type\" content=\"article\" \/>\n<meta property=\"og:title\" content=\"Contact - Association &quot;Duo de C\u0153ur&quot;\" \/>\n<meta property=\"og:description\" content=\"Vous souhaitez nous contacter ? Alors c&rsquo;est par ici : Formulaire de contact Pr\u00e9nomNomEmailObjetVotre messageEnvoyer\" \/>\n<meta property=\"og:url\" content=\"https:\/\/www.duodecoeur.fr\/?page_id=15\" \/>\n<meta property=\"og:site_name\" content=\"Association &quot;Duo de C\u0153ur&quot;\" \/>\n<meta property=\"article:modified_time\" content=\"2025-11-17T20:29:02+00:00\" \/>\n<meta property=\"og:image\" content=\"https:\/\/www.duodecoeur.fr\/wp-content\/uploads\/2025\/09\/CDC-J3-DEF-_-355.jpg\" \/>\n\t<meta property=\"og:image:width\" content=\"2211\" \/>\n\t<meta property=\"og:image:height\" content=\"1474\" \/>\n\t<meta property=\"og:image:type\" content=\"image\/jpeg\" \/>\n<meta name=\"twitter:card\" content=\"summary_large_image\" \/>\n<meta name=\"twitter:label1\" content=\"Dur\u00e9e de lecture estim\u00e9e\" \/>\n\t<meta name=\"twitter:data1\" content=\"1 minute\" \/>\n<script type=\"application\/ld+json\" class=\"yoast-schema-graph\">{\"@context\":\"https:\/\/schema.org\",\"@graph\":[{\"@type\":\"WebPage\",\"@id\":\"https:\/\/www.duodecoeur.fr\/?page_id=15\",\"url\":\"https:\/\/www.duodecoeur.fr\/?page_id=15\",\"name\":\"Contact - Association &quot;Duo de C\u0153ur&quot;\",\"isPartOf\":{\"@id\":\"https:\/\/www.duodecoeur.fr\/#website\"},\"primaryImageOfPage\":{\"@id\":\"https:\/\/www.duodecoeur.fr\/?page_id=15#primaryimage\"},\"image\":{\"@id\":\"https:\/\/www.duodecoeur.fr\/?page_id=15#primaryimage\"},\"thumbnailUrl\":\"https:\/\/www.duodecoeur.fr\/wp-content\/uploads\/2025\/09\/CDC-J3-DEF-_-355.jpg\",\"datePublished\":\"2025-09-01T19:27:34+00:00\",\"dateModified\":\"2025-11-17T20:29:02+00:00\",\"breadcrumb\":{\"@id\":\"https:\/\/www.duodecoeur.fr\/?page_id=15#breadcrumb\"},\"inLanguage\":\"fr-FR\",\"potentialAction\":[{\"@type\":\"ReadAction\",\"target\":[\"https:\/\/www.duodecoeur.fr\/?page_id=15\"]}]},{\"@type\":\"ImageObject\",\"inLanguage\":\"fr-FR\",\"@id\":\"https:\/\/www.duodecoeur.fr\/?page_id=15#primaryimage\",\"url\":\"https:\/\/www.duodecoeur.fr\/wp-content\/uploads\/2025\/09\/CDC-J3-DEF-_-355.jpg\",\"contentUrl\":\"https:\/\/www.duodecoeur.fr\/wp-content\/uploads\/2025\/09\/CDC-J3-DEF-_-355.jpg\",\"width\":2211,\"height\":1474},{\"@type\":\"BreadcrumbList\",\"@id\":\"https:\/\/www.duodecoeur.fr\/?page_id=15#breadcrumb\",\"itemListElement\":[{\"@type\":\"ListItem\",\"position\":1,\"name\":\"Accueil\",\"item\":\"https:\/\/www.duodecoeur.fr\/\"},{\"@type\":\"ListItem\",\"position\":2,\"name\":\"Contact\"}]},{\"@type\":\"WebSite\",\"@id\":\"https:\/\/www.duodecoeur.fr\/#website\",\"url\":\"https:\/\/www.duodecoeur.fr\/\",\"name\":\"Association \\\"Duo de C\u0153ur\\\"\",\"description\":\"Du 25 au 29 mars 2026 : La 39\u00e8me \u00e9dition de la Course du C\u0153ur &quot;Paris \/ Bourg Saint Maurice - Les Arcs&quot;\",\"publisher\":{\"@id\":\"https:\/\/www.duodecoeur.fr\/#organization\"},\"potentialAction\":[{\"@type\":\"SearchAction\",\"target\":{\"@type\":\"EntryPoint\",\"urlTemplate\":\"https:\/\/www.duodecoeur.fr\/?s={search_term_string}\"},\"query-input\":{\"@type\":\"PropertyValueSpecification\",\"valueRequired\":true,\"valueName\":\"search_term_string\"}}],\"inLanguage\":\"fr-FR\"},{\"@type\":\"Organization\",\"@id\":\"https:\/\/www.duodecoeur.fr\/#organization\",\"name\":\"Association \\\"Duo de C\u0153ur\\\"\",\"url\":\"https:\/\/www.duodecoeur.fr\/\",\"logo\":{\"@type\":\"ImageObject\",\"inLanguage\":\"fr-FR\",\"@id\":\"https:\/\/www.duodecoeur.fr\/#\/schema\/logo\/image\/\",\"url\":\"https:\/\/www.duodecoeur.fr\/wp-content\/uploads\/2025\/09\/cropped-Duo-de-coeur.png\",\"contentUrl\":\"https:\/\/www.duodecoeur.fr\/wp-content\/uploads\/2025\/09\/cropped-Duo-de-coeur.png\",\"width\":850,\"height\":721,\"caption\":\"Association \\\"Duo de C\u0153ur\\\"\"},\"image\":{\"@id\":\"https:\/\/www.duodecoeur.fr\/#\/schema\/logo\/image\/\"},\"sameAs\":[\"https:\/\/www.instagram.com\/association.duo.de.coeur\/\"]}]}<\/script>\n<!-- \/ Yoast SEO plugin. -->","yoast_head_json":{"title":"Contact - Association &quot;Duo de C\u0153ur&quot;","robots":{"index":"index","follow":"follow","max-snippet":"max-snippet:-1","max-image-preview":"max-image-preview:large","max-video-preview":"max-video-preview:-1"},"canonical":"https:\/\/www.duodecoeur.fr\/?page_id=15","og_locale":"fr_FR","og_type":"article","og_title":"Contact - Association &quot;Duo de C\u0153ur&quot;","og_description":"Vous souhaitez nous contacter ? Alors c&rsquo;est par ici : Formulaire de contact Pr\u00e9nomNomEmailObjetVotre messageEnvoyer","og_url":"https:\/\/www.duodecoeur.fr\/?page_id=15","og_site_name":"Association &quot;Duo de C\u0153ur&quot;","article_modified_time":"2025-11-17T20:29:02+00:00","og_image":[{"width":2211,"height":1474,"url":"https:\/\/www.duodecoeur.fr\/wp-content\/uploads\/2025\/09\/CDC-J3-DEF-_-355.jpg","type":"image\/jpeg"}],"twitter_card":"summary_large_image","twitter_misc":{"Dur\u00e9e de lecture estim\u00e9e":"1 minute"},"schema":{"@context":"https:\/\/schema.org","@graph":[{"@type":"WebPage","@id":"https:\/\/www.duodecoeur.fr\/?page_id=15","url":"https:\/\/www.duodecoeur.fr\/?page_id=15","name":"Contact - Association &quot;Duo de C\u0153ur&quot;","isPartOf":{"@id":"https:\/\/www.duodecoeur.fr\/#website"},"primaryImageOfPage":{"@id":"https:\/\/www.duodecoeur.fr\/?page_id=15#primaryimage"},"image":{"@id":"https:\/\/www.duodecoeur.fr\/?page_id=15#primaryimage"},"thumbnailUrl":"https:\/\/www.duodecoeur.fr\/wp-content\/uploads\/2025\/09\/CDC-J3-DEF-_-355.jpg","datePublished":"2025-09-01T19:27:34+00:00","dateModified":"2025-11-17T20:29:02+00:00","breadcrumb":{"@id":"https:\/\/www.duodecoeur.fr\/?page_id=15#breadcrumb"},"inLanguage":"fr-FR","potentialAction":[{"@type":"ReadAction","target":["https:\/\/www.duodecoeur.fr\/?page_id=15"]}]},{"@type":"ImageObject","inLanguage":"fr-FR","@id":"https:\/\/www.duodecoeur.fr\/?page_id=15#primaryimage","url":"https:\/\/www.duodecoeur.fr\/wp-content\/uploads\/2025\/09\/CDC-J3-DEF-_-355.jpg","contentUrl":"https:\/\/www.duodecoeur.fr\/wp-content\/uploads\/2025\/09\/CDC-J3-DEF-_-355.jpg","width":2211,"height":1474},{"@type":"BreadcrumbList","@id":"https:\/\/www.duodecoeur.fr\/?page_id=15#breadcrumb","itemListElement":[{"@type":"ListItem","position":1,"name":"Accueil","item":"https:\/\/www.duodecoeur.fr\/"},{"@type":"ListItem","position":2,"name":"Contact"}]},{"@type":"WebSite","@id":"https:\/\/www.duodecoeur.fr\/#website","url":"https:\/\/www.duodecoeur.fr\/","name":"Association \"Duo de C\u0153ur\"","description":"Du 25 au 29 mars 2026 : La 39\u00e8me \u00e9dition de la Course du C\u0153ur &quot;Paris \/ Bourg Saint Maurice - Les Arcs&quot;","publisher":{"@id":"https:\/\/www.duodecoeur.fr\/#organization"},"potentialAction":[{"@type":"SearchAction","target":{"@type":"EntryPoint","urlTemplate":"https:\/\/www.duodecoeur.fr\/?s={search_term_string}"},"query-input":{"@type":"PropertyValueSpecification","valueRequired":true,"valueName":"search_term_string"}}],"inLanguage":"fr-FR"},{"@type":"Organization","@id":"https:\/\/www.duodecoeur.fr\/#organization","name":"Association \"Duo de C\u0153ur\"","url":"https:\/\/www.duodecoeur.fr\/","logo":{"@type":"ImageObject","inLanguage":"fr-FR","@id":"https:\/\/www.duodecoeur.fr\/#\/schema\/logo\/image\/","url":"https:\/\/www.duodecoeur.fr\/wp-content\/uploads\/2025\/09\/cropped-Duo-de-coeur.png","contentUrl":"https:\/\/www.duodecoeur.fr\/wp-content\/uploads\/2025\/09\/cropped-Duo-de-coeur.png","width":850,"height":721,"caption":"Association \"Duo de C\u0153ur\""},"image":{"@id":"https:\/\/www.duodecoeur.fr\/#\/schema\/logo\/image\/"},"sameAs":["https:\/\/www.instagram.com\/association.duo.de.coeur\/"]}]}},"_links":{"self":[{"href":"https:\/\/www.duodecoeur.fr\/index.php?rest_route=\/wp\/v2\/pages\/15","targetHints":{"allow":["GET"]}}],"collection":[{"href":"https:\/\/www.duodecoeur.fr\/index.php?rest_route=\/wp\/v2\/pages"}],"about":[{"href":"https:\/\/www.duodecoeur.fr\/index.php?rest_route=\/wp\/v2\/types\/page"}],"author":[{"embeddable":true,"href":"https:\/\/www.duodecoeur.fr\/index.php?rest_route=\/wp\/v2\/users\/1"}],"replies":[{"embeddable":true,"href":"https:\/\/www.duodecoeur.fr\/index.php?rest_route=%2Fwp%2Fv2%2Fcomments&post=15"}],"version-history":[{"count":10,"href":"https:\/\/www.duodecoeur.fr\/index.php?rest_route=\/wp\/v2\/pages\/15\/revisions"}],"predecessor-version":[{"id":290,"href":"https:\/\/www.duodecoeur.fr\/index.php?rest_route=\/wp\/v2\/pages\/15\/revisions\/290"}],"wp:featuredmedia":[{"embeddable":true,"href":"https:\/\/www.duodecoeur.fr\/index.php?rest_route=\/wp\/v2\/media\/196"}],"wp:attachment":[{"href":"https:\/\/www.duodecoeur.fr\/index.php?rest_route=%2Fwp%2Fv2%2Fmedia&parent=15"}],"curies":[{"name":"wp","href":"https:\/\/api.w.org\/{rel}","templated":true}]}}