{"id":2,"date":"2025-08-29T16:43:16","date_gmt":"2025-08-29T14:43:16","guid":{"rendered":"https:\/\/www.duodecoeur.fr\/?page_id=2"},"modified":"2025-11-18T22:19:51","modified_gmt":"2025-11-18T21:19:51","slug":"les-partenaires","status":"publish","type":"page","link":"https:\/\/www.duodecoeur.fr\/?page_id=2","title":{"rendered":"Les partenaires"},"content":{"rendered":"\t\t<div data-elementor-type=\"wp-page\" data-elementor-id=\"2\" class=\"elementor elementor-2\">\n\t\t\t\t<div class=\"elementor-element elementor-element-4cfd9da e-flex e-con-boxed e-con e-parent\" data-id=\"4cfd9da\" data-element_type=\"container\">\n\t\t\t\t\t<div class=\"e-con-inner\">\n\t\t\t\t<div class=\"elementor-element elementor-element-e39130a elementor-widget elementor-widget-text-editor\" data-id=\"e39130a\" data-element_type=\"widget\" data-widget_type=\"text-editor.default\">\n\t\t\t\t\t\t\t\t\t<p data-start=\"226\" data-end=\"436\">Ils sont d\u00e9sormais tous r\u00e9unis autour de nous pour faire vivre cette aventure solidaire et sportive ! D\u00e9couvrez les partenaires qui nous accompagnent et soutiennent notre engagement pour la <strong>Course du C\u0153ur 2026<\/strong>.<\/p><p data-start=\"438\" data-end=\"608\">Leur confiance, leurs valeurs et leur implication sont au c\u0153ur de notre r\u00e9ussite.<br data-start=\"519\" data-end=\"522\" \/>Explorez d\u00e8s maintenant l\u2019ensemble de nos partenaires et leur engagement \u00e0 nos c\u00f4t\u00e9s !<\/p>\t\t\t\t\t\t\t\t<\/div>\n\t\t\t\t\t<\/div>\n\t\t\t\t<\/div>\n\t\t<div class=\"elementor-element elementor-element-114a223 e-flex e-con-boxed e-con e-parent\" data-id=\"114a223\" data-element_type=\"container\">\n\t\t\t\t\t<div class=\"e-con-inner\">\n\t\t<div class=\"elementor-element elementor-element-18ac70a e-con-full e-flex e-con e-child\" data-id=\"18ac70a\" data-element_type=\"container\">\n\t\t\t\t<div class=\"elementor-element elementor-element-6d2e30f elementor-widget elementor-widget-image\" data-id=\"6d2e30f\" data-element_type=\"widget\" data-widget_type=\"image.default\">\n\t\t\t\t\t\t\t\t\t\t\t\t\t\t\t\t<a href=\"https:\/\/www.dell.com\/fr-fr\">\n\t\t\t\t\t\t\t<img fetchpriority=\"high\" decoding=\"async\" width=\"500\" height=\"500\" src=\"https:\/\/www.duodecoeur.fr\/wp-content\/uploads\/2025\/11\/1-1.png\" class=\"attachment-large size-large wp-image-264\" alt=\"\" srcset=\"https:\/\/www.duodecoeur.fr\/wp-content\/uploads\/2025\/11\/1-1.png 500w, https:\/\/www.duodecoeur.fr\/wp-content\/uploads\/2025\/11\/1-1-300x300.png 300w, https:\/\/www.duodecoeur.fr\/wp-content\/uploads\/2025\/11\/1-1-150x150.png 150w\" sizes=\"100vw\" \/>\t\t\t\t\t\t\t\t<\/a>\n\t\t\t\t\t\t\t\t\t\t\t\t\t\t\t<\/div>\n\t\t\t\t<\/div>\n\t\t<div class=\"elementor-element elementor-element-f0ec39f e-con-full e-flex e-con e-child\" data-id=\"f0ec39f\" data-element_type=\"container\">\n\t\t\t\t<div class=\"elementor-element elementor-element-dd4bb0c elementor-widget elementor-widget-image\" data-id=\"dd4bb0c\" data-element_type=\"widget\" data-widget_type=\"image.default\">\n\t\t\t\t\t\t\t\t\t\t\t\t\t\t\t\t<a href=\"https:\/\/www.intel.fr\/content\/www\/fr\/fr\/homepage.html\">\n\t\t\t\t\t\t\t<img decoding=\"async\" width=\"500\" height=\"500\" src=\"https:\/\/www.duodecoeur.fr\/wp-content\/uploads\/2025\/11\/2-1.png\" class=\"attachment-large size-large wp-image-265\" alt=\"\" srcset=\"https:\/\/www.duodecoeur.fr\/wp-content\/uploads\/2025\/11\/2-1.png 500w, https:\/\/www.duodecoeur.fr\/wp-content\/uploads\/2025\/11\/2-1-300x300.png 300w, https:\/\/www.duodecoeur.fr\/wp-content\/uploads\/2025\/11\/2-1-150x150.png 150w\" sizes=\"100vw\" \/>\t\t\t\t\t\t\t\t<\/a>\n\t\t\t\t\t\t\t\t\t\t\t\t\t\t\t<\/div>\n\t\t\t\t<\/div>\n\t\t<div class=\"elementor-element elementor-element-4f2a7b4 e-con-full e-flex e-con e-child\" data-id=\"4f2a7b4\" data-element_type=\"container\">\n\t\t\t\t<div class=\"elementor-element elementor-element-cf70d8f elementor-widget elementor-widget-image\" data-id=\"cf70d8f\" data-element_type=\"widget\" data-widget_type=\"image.default\">\n\t\t\t\t\t\t\t\t\t\t\t\t\t\t\t\t<a href=\"https:\/\/www.microsoft.com\/fr-fr\">\n\t\t\t\t\t\t\t<img decoding=\"async\" width=\"500\" height=\"500\" src=\"https:\/\/www.duodecoeur.fr\/wp-content\/uploads\/2025\/11\/10-3.png\" class=\"attachment-large size-large wp-image-388\" alt=\"\" srcset=\"https:\/\/www.duodecoeur.fr\/wp-content\/uploads\/2025\/11\/10-3.png 500w, https:\/\/www.duodecoeur.fr\/wp-content\/uploads\/2025\/11\/10-3-300x300.png 300w, https:\/\/www.duodecoeur.fr\/wp-content\/uploads\/2025\/11\/10-3-150x150.png 150w\" sizes=\"100vw\" \/>\t\t\t\t\t\t\t\t<\/a>\n\t\t\t\t\t\t\t\t\t\t\t\t\t\t\t<\/div>\n\t\t\t\t<\/div>\n\t\t<div class=\"elementor-element elementor-element-e6fda8b e-con-full e-flex e-con e-child\" data-id=\"e6fda8b\" data-element_type=\"container\">\n\t\t\t\t<div class=\"elementor-element elementor-element-c3708e5 elementor-widget elementor-widget-image\" data-id=\"c3708e5\" data-element_type=\"widget\" data-widget_type=\"image.default\">\n\t\t\t\t\t\t\t\t\t\t\t\t\t\t\t\t<a href=\"https:\/\/www.yumaiia.fr\/\">\n\t\t\t\t\t\t\t<img loading=\"lazy\" decoding=\"async\" width=\"500\" height=\"500\" src=\"https:\/\/www.duodecoeur.fr\/wp-content\/uploads\/2025\/11\/6-1.png\" class=\"attachment-large size-large wp-image-268\" alt=\"\" srcset=\"https:\/\/www.duodecoeur.fr\/wp-content\/uploads\/2025\/11\/6-1.png 500w, https:\/\/www.duodecoeur.fr\/wp-content\/uploads\/2025\/11\/6-1-300x300.png 300w, https:\/\/www.duodecoeur.fr\/wp-content\/uploads\/2025\/11\/6-1-150x150.png 150w\" sizes=\"100vw\" \/>\t\t\t\t\t\t\t\t<\/a>\n\t\t\t\t\t\t\t\t\t\t\t\t\t\t\t<\/div>\n\t\t\t\t<\/div>\n\t\t\t\t\t<\/div>\n\t\t\t\t<\/div>\n\t\t<div class=\"elementor-element elementor-element-efa2f98 e-flex e-con-boxed e-con e-parent\" data-id=\"efa2f98\" data-element_type=\"container\">\n\t\t\t\t\t<div class=\"e-con-inner\">\n\t\t<div class=\"elementor-element elementor-element-b19af54 e-con-full e-flex e-con e-child\" data-id=\"b19af54\" data-element_type=\"container\">\n\t\t\t\t<div class=\"elementor-element elementor-element-ecb5eb6 elementor-widget elementor-widget-image\" data-id=\"ecb5eb6\" data-element_type=\"widget\" data-widget_type=\"image.default\">\n\t\t\t\t\t\t\t\t\t\t\t\t\t\t\t\t<a href=\"https:\/\/www.arrow.com\/fr-fr\">\n\t\t\t\t\t\t\t<img loading=\"lazy\" decoding=\"async\" width=\"500\" height=\"500\" src=\"https:\/\/www.duodecoeur.fr\/wp-content\/uploads\/2025\/11\/5-1.png\" class=\"attachment-large size-large wp-image-271\" alt=\"\" srcset=\"https:\/\/www.duodecoeur.fr\/wp-content\/uploads\/2025\/11\/5-1.png 500w, https:\/\/www.duodecoeur.fr\/wp-content\/uploads\/2025\/11\/5-1-300x300.png 300w, https:\/\/www.duodecoeur.fr\/wp-content\/uploads\/2025\/11\/5-1-150x150.png 150w\" sizes=\"100vw\" \/>\t\t\t\t\t\t\t\t<\/a>\n\t\t\t\t\t\t\t\t\t\t\t\t\t\t\t<\/div>\n\t\t\t\t<\/div>\n\t\t<div class=\"elementor-element elementor-element-03b7e6b e-con-full e-flex e-con e-child\" data-id=\"03b7e6b\" data-element_type=\"container\">\n\t\t\t\t<div class=\"elementor-element elementor-element-43c3e20 elementor-widget elementor-widget-image\" data-id=\"43c3e20\" data-element_type=\"widget\" data-widget_type=\"image.default\">\n\t\t\t\t\t\t\t\t\t\t\t\t\t\t\t\t<a href=\"https:\/\/sys1.fr\/\">\n\t\t\t\t\t\t\t<img loading=\"lazy\" decoding=\"async\" width=\"500\" height=\"500\" src=\"https:\/\/www.duodecoeur.fr\/wp-content\/uploads\/2025\/11\/4-1.png\" class=\"attachment-large size-large wp-image-267\" alt=\"\" srcset=\"https:\/\/www.duodecoeur.fr\/wp-content\/uploads\/2025\/11\/4-1.png 500w, https:\/\/www.duodecoeur.fr\/wp-content\/uploads\/2025\/11\/4-1-300x300.png 300w, https:\/\/www.duodecoeur.fr\/wp-content\/uploads\/2025\/11\/4-1-150x150.png 150w\" sizes=\"100vw\" \/>\t\t\t\t\t\t\t\t<\/a>\n\t\t\t\t\t\t\t\t\t\t\t\t\t\t\t<\/div>\n\t\t\t\t<\/div>\n\t\t<div class=\"elementor-element elementor-element-b717d6e e-con-full e-flex e-con e-child\" data-id=\"b717d6e\" data-element_type=\"container\">\n\t\t\t\t<div class=\"elementor-element elementor-element-4402d86 elementor-widget elementor-widget-image\" data-id=\"4402d86\" data-element_type=\"widget\" data-widget_type=\"image.default\">\n\t\t\t\t\t\t\t\t\t\t\t\t\t\t\t\t<a href=\"https:\/\/eventif.eu\/\">\n\t\t\t\t\t\t\t<img loading=\"lazy\" decoding=\"async\" width=\"500\" height=\"500\" src=\"https:\/\/www.duodecoeur.fr\/wp-content\/uploads\/2025\/11\/7-1.png\" class=\"attachment-large size-large wp-image-269\" alt=\"\" srcset=\"https:\/\/www.duodecoeur.fr\/wp-content\/uploads\/2025\/11\/7-1.png 500w, https:\/\/www.duodecoeur.fr\/wp-content\/uploads\/2025\/11\/7-1-300x300.png 300w, https:\/\/www.duodecoeur.fr\/wp-content\/uploads\/2025\/11\/7-1-150x150.png 150w\" sizes=\"100vw\" \/>\t\t\t\t\t\t\t\t<\/a>\n\t\t\t\t\t\t\t\t\t\t\t\t\t\t\t<\/div>\n\t\t\t\t<\/div>\n\t\t<div class=\"elementor-element elementor-element-2d248db e-con-full e-flex e-con e-child\" data-id=\"2d248db\" data-element_type=\"container\">\n\t\t\t\t<div class=\"elementor-element elementor-element-ba0c21a elementor-widget elementor-widget-image\" data-id=\"ba0c21a\" data-element_type=\"widget\" data-widget_type=\"image.default\">\n\t\t\t\t\t\t\t\t\t\t\t\t\t\t\t\t<a href=\"https:\/\/www.astd-don.org\/\">\n\t\t\t\t\t\t\t<img loading=\"lazy\" decoding=\"async\" width=\"500\" height=\"500\" src=\"https:\/\/www.duodecoeur.fr\/wp-content\/uploads\/2025\/11\/8-1.png\" class=\"attachment-large size-large wp-image-270\" alt=\"\" srcset=\"https:\/\/www.duodecoeur.fr\/wp-content\/uploads\/2025\/11\/8-1.png 500w, https:\/\/www.duodecoeur.fr\/wp-content\/uploads\/2025\/11\/8-1-300x300.png 300w, https:\/\/www.duodecoeur.fr\/wp-content\/uploads\/2025\/11\/8-1-150x150.png 150w\" sizes=\"100vw\" \/>\t\t\t\t\t\t\t\t<\/a>\n\t\t\t\t\t\t\t\t\t\t\t\t\t\t\t<\/div>\n\t\t\t\t<\/div>\n\t\t\t\t\t<\/div>\n\t\t\t\t<\/div>\n\t\t\t\t<\/div>\n\t\t","protected":false},"excerpt":{"rendered":"<p>Ils sont d\u00e9sormais tous r\u00e9unis autour de nous pour faire vivre cette aventure solidaire et sportive ! D\u00e9couvrez les partenaires qui nous accompagnent et soutiennent notre engagement pour la Course du C\u0153ur 2026. Leur confiance, leurs valeurs et leur implication sont au c\u0153ur de notre r\u00e9ussite.Explorez d\u00e8s maintenant l\u2019ensemble de nos partenaires et leur engagement &hellip; <\/p>\n<p class=\"link-more\"><a href=\"https:\/\/www.duodecoeur.fr\/?page_id=2\" class=\"more-link\">Lire la suite de<span class=\"screen-reader-text\">\u00ab\u00a0Les partenaires\u00a0\u00bb<\/span><\/a><\/p>\n","protected":false},"author":1,"featured_media":185,"parent":0,"menu_order":0,"comment_status":"closed","ping_status":"closed","template":"","meta":{"footnotes":""},"class_list":["post-2","page","type-page","status-publish","has-post-thumbnail","hentry"],"yoast_head":"<!-- This site is optimized with the Yoast SEO plugin v26.3 - https:\/\/yoast.com\/wordpress\/plugins\/seo\/ -->\n<title>Les partenaires - Association &quot;Duo de C\u0153ur&quot;<\/title>\n<meta name=\"description\" content=\"\u00ab Nos partenaires font battre le c\u0153ur de Duo de C\u0153ur : entreprises et m\u00e9c\u00e8nes mobilis\u00e9s pour la Course du C\u0153ur et la sensibilisation au don d\u2019organes. \u00bb\" \/>\n<meta name=\"robots\" content=\"index, follow, max-snippet:-1, max-image-preview:large, max-video-preview:-1\" \/>\n<link rel=\"canonical\" href=\"https:\/\/www.duodecoeur.fr\/?page_id=2\" \/>\n<meta property=\"og:locale\" content=\"fr_FR\" \/>\n<meta property=\"og:type\" content=\"article\" \/>\n<meta property=\"og:title\" content=\"Les partenaires - Association &quot;Duo de C\u0153ur&quot;\" \/>\n<meta property=\"og:description\" content=\"\u00ab Nos partenaires font battre le c\u0153ur de Duo de C\u0153ur : entreprises et m\u00e9c\u00e8nes mobilis\u00e9s pour la Course du C\u0153ur et la sensibilisation au don d\u2019organes. \u00bb\" \/>\n<meta property=\"og:url\" content=\"https:\/\/www.duodecoeur.fr\/?page_id=2\" \/>\n<meta property=\"og:site_name\" content=\"Association &quot;Duo de C\u0153ur&quot;\" \/>\n<meta property=\"article:modified_time\" content=\"2025-11-18T21:19:51+00:00\" \/>\n<meta property=\"og:image\" content=\"https:\/\/www.duodecoeur.fr\/wp-content\/uploads\/2025\/09\/CDC-J5-DEF-_-155.jpg\" \/>\n\t<meta property=\"og:image:width\" content=\"2211\" \/>\n\t<meta property=\"og:image:height\" content=\"1474\" \/>\n\t<meta property=\"og:image:type\" content=\"image\/jpeg\" \/>\n<meta name=\"twitter:card\" content=\"summary_large_image\" \/>\n<meta name=\"twitter:label1\" content=\"Dur\u00e9e de lecture estim\u00e9e\" \/>\n\t<meta name=\"twitter:data1\" content=\"2 minutes\" \/>\n<script type=\"application\/ld+json\" class=\"yoast-schema-graph\">{\"@context\":\"https:\/\/schema.org\",\"@graph\":[{\"@type\":\"WebPage\",\"@id\":\"https:\/\/www.duodecoeur.fr\/?page_id=2\",\"url\":\"https:\/\/www.duodecoeur.fr\/?page_id=2\",\"name\":\"Les partenaires - Association &quot;Duo de C\u0153ur&quot;\",\"isPartOf\":{\"@id\":\"https:\/\/www.duodecoeur.fr\/#website\"},\"primaryImageOfPage\":{\"@id\":\"https:\/\/www.duodecoeur.fr\/?page_id=2#primaryimage\"},\"image\":{\"@id\":\"https:\/\/www.duodecoeur.fr\/?page_id=2#primaryimage\"},\"thumbnailUrl\":\"https:\/\/www.duodecoeur.fr\/wp-content\/uploads\/2025\/09\/CDC-J5-DEF-_-155.jpg\",\"datePublished\":\"2025-08-29T14:43:16+00:00\",\"dateModified\":\"2025-11-18T21:19:51+00:00\",\"description\":\"\u00ab Nos partenaires font battre le c\u0153ur de Duo de C\u0153ur : entreprises et m\u00e9c\u00e8nes mobilis\u00e9s pour la Course du C\u0153ur et la sensibilisation au don d\u2019organes. \u00bb\",\"breadcrumb\":{\"@id\":\"https:\/\/www.duodecoeur.fr\/?page_id=2#breadcrumb\"},\"inLanguage\":\"fr-FR\",\"potentialAction\":[{\"@type\":\"ReadAction\",\"target\":[\"https:\/\/www.duodecoeur.fr\/?page_id=2\"]}]},{\"@type\":\"ImageObject\",\"inLanguage\":\"fr-FR\",\"@id\":\"https:\/\/www.duodecoeur.fr\/?page_id=2#primaryimage\",\"url\":\"https:\/\/www.duodecoeur.fr\/wp-content\/uploads\/2025\/09\/CDC-J5-DEF-_-155.jpg\",\"contentUrl\":\"https:\/\/www.duodecoeur.fr\/wp-content\/uploads\/2025\/09\/CDC-J5-DEF-_-155.jpg\",\"width\":2211,\"height\":1474},{\"@type\":\"BreadcrumbList\",\"@id\":\"https:\/\/www.duodecoeur.fr\/?page_id=2#breadcrumb\",\"itemListElement\":[{\"@type\":\"ListItem\",\"position\":1,\"name\":\"Accueil\",\"item\":\"https:\/\/www.duodecoeur.fr\/\"},{\"@type\":\"ListItem\",\"position\":2,\"name\":\"Les partenaires\"}]},{\"@type\":\"WebSite\",\"@id\":\"https:\/\/www.duodecoeur.fr\/#website\",\"url\":\"https:\/\/www.duodecoeur.fr\/\",\"name\":\"Association \\\"Duo de C\u0153ur\\\"\",\"description\":\"Du 25 au 29 mars 2026 : La 39\u00e8me \u00e9dition de la Course du C\u0153ur &quot;Paris \/ Bourg Saint Maurice - Les Arcs&quot;\",\"publisher\":{\"@id\":\"https:\/\/www.duodecoeur.fr\/#organization\"},\"potentialAction\":[{\"@type\":\"SearchAction\",\"target\":{\"@type\":\"EntryPoint\",\"urlTemplate\":\"https:\/\/www.duodecoeur.fr\/?s={search_term_string}\"},\"query-input\":{\"@type\":\"PropertyValueSpecification\",\"valueRequired\":true,\"valueName\":\"search_term_string\"}}],\"inLanguage\":\"fr-FR\"},{\"@type\":\"Organization\",\"@id\":\"https:\/\/www.duodecoeur.fr\/#organization\",\"name\":\"Association \\\"Duo de C\u0153ur\\\"\",\"url\":\"https:\/\/www.duodecoeur.fr\/\",\"logo\":{\"@type\":\"ImageObject\",\"inLanguage\":\"fr-FR\",\"@id\":\"https:\/\/www.duodecoeur.fr\/#\/schema\/logo\/image\/\",\"url\":\"https:\/\/www.duodecoeur.fr\/wp-content\/uploads\/2025\/09\/cropped-Duo-de-coeur.png\",\"contentUrl\":\"https:\/\/www.duodecoeur.fr\/wp-content\/uploads\/2025\/09\/cropped-Duo-de-coeur.png\",\"width\":850,\"height\":721,\"caption\":\"Association \\\"Duo de C\u0153ur\\\"\"},\"image\":{\"@id\":\"https:\/\/www.duodecoeur.fr\/#\/schema\/logo\/image\/\"},\"sameAs\":[\"https:\/\/www.instagram.com\/association.duo.de.coeur\/\"]}]}<\/script>\n<!-- \/ Yoast SEO plugin. -->","yoast_head_json":{"title":"Les partenaires - Association &quot;Duo de C\u0153ur&quot;","description":"\u00ab Nos partenaires font battre le c\u0153ur de Duo de C\u0153ur : entreprises et m\u00e9c\u00e8nes mobilis\u00e9s pour la Course du C\u0153ur et la sensibilisation au don d\u2019organes. \u00bb","robots":{"index":"index","follow":"follow","max-snippet":"max-snippet:-1","max-image-preview":"max-image-preview:large","max-video-preview":"max-video-preview:-1"},"canonical":"https:\/\/www.duodecoeur.fr\/?page_id=2","og_locale":"fr_FR","og_type":"article","og_title":"Les partenaires - Association &quot;Duo de C\u0153ur&quot;","og_description":"\u00ab Nos partenaires font battre le c\u0153ur de Duo de C\u0153ur : entreprises et m\u00e9c\u00e8nes mobilis\u00e9s pour la Course du C\u0153ur et la sensibilisation au don d\u2019organes. \u00bb","og_url":"https:\/\/www.duodecoeur.fr\/?page_id=2","og_site_name":"Association &quot;Duo de C\u0153ur&quot;","article_modified_time":"2025-11-18T21:19:51+00:00","og_image":[{"width":2211,"height":1474,"url":"https:\/\/www.duodecoeur.fr\/wp-content\/uploads\/2025\/09\/CDC-J5-DEF-_-155.jpg","type":"image\/jpeg"}],"twitter_card":"summary_large_image","twitter_misc":{"Dur\u00e9e de lecture estim\u00e9e":"2 minutes"},"schema":{"@context":"https:\/\/schema.org","@graph":[{"@type":"WebPage","@id":"https:\/\/www.duodecoeur.fr\/?page_id=2","url":"https:\/\/www.duodecoeur.fr\/?page_id=2","name":"Les partenaires - Association &quot;Duo de C\u0153ur&quot;","isPartOf":{"@id":"https:\/\/www.duodecoeur.fr\/#website"},"primaryImageOfPage":{"@id":"https:\/\/www.duodecoeur.fr\/?page_id=2#primaryimage"},"image":{"@id":"https:\/\/www.duodecoeur.fr\/?page_id=2#primaryimage"},"thumbnailUrl":"https:\/\/www.duodecoeur.fr\/wp-content\/uploads\/2025\/09\/CDC-J5-DEF-_-155.jpg","datePublished":"2025-08-29T14:43:16+00:00","dateModified":"2025-11-18T21:19:51+00:00","description":"\u00ab Nos partenaires font battre le c\u0153ur de Duo de C\u0153ur : entreprises et m\u00e9c\u00e8nes mobilis\u00e9s pour la Course du C\u0153ur et la sensibilisation au don d\u2019organes. \u00bb","breadcrumb":{"@id":"https:\/\/www.duodecoeur.fr\/?page_id=2#breadcrumb"},"inLanguage":"fr-FR","potentialAction":[{"@type":"ReadAction","target":["https:\/\/www.duodecoeur.fr\/?page_id=2"]}]},{"@type":"ImageObject","inLanguage":"fr-FR","@id":"https:\/\/www.duodecoeur.fr\/?page_id=2#primaryimage","url":"https:\/\/www.duodecoeur.fr\/wp-content\/uploads\/2025\/09\/CDC-J5-DEF-_-155.jpg","contentUrl":"https:\/\/www.duodecoeur.fr\/wp-content\/uploads\/2025\/09\/CDC-J5-DEF-_-155.jpg","width":2211,"height":1474},{"@type":"BreadcrumbList","@id":"https:\/\/www.duodecoeur.fr\/?page_id=2#breadcrumb","itemListElement":[{"@type":"ListItem","position":1,"name":"Accueil","item":"https:\/\/www.duodecoeur.fr\/"},{"@type":"ListItem","position":2,"name":"Les partenaires"}]},{"@type":"WebSite","@id":"https:\/\/www.duodecoeur.fr\/#website","url":"https:\/\/www.duodecoeur.fr\/","name":"Association \"Duo de C\u0153ur\"","description":"Du 25 au 29 mars 2026 : La 39\u00e8me \u00e9dition de la Course du C\u0153ur &quot;Paris \/ Bourg Saint Maurice - Les Arcs&quot;","publisher":{"@id":"https:\/\/www.duodecoeur.fr\/#organization"},"potentialAction":[{"@type":"SearchAction","target":{"@type":"EntryPoint","urlTemplate":"https:\/\/www.duodecoeur.fr\/?s={search_term_string}"},"query-input":{"@type":"PropertyValueSpecification","valueRequired":true,"valueName":"search_term_string"}}],"inLanguage":"fr-FR"},{"@type":"Organization","@id":"https:\/\/www.duodecoeur.fr\/#organization","name":"Association \"Duo de C\u0153ur\"","url":"https:\/\/www.duodecoeur.fr\/","logo":{"@type":"ImageObject","inLanguage":"fr-FR","@id":"https:\/\/www.duodecoeur.fr\/#\/schema\/logo\/image\/","url":"https:\/\/www.duodecoeur.fr\/wp-content\/uploads\/2025\/09\/cropped-Duo-de-coeur.png","contentUrl":"https:\/\/www.duodecoeur.fr\/wp-content\/uploads\/2025\/09\/cropped-Duo-de-coeur.png","width":850,"height":721,"caption":"Association \"Duo de C\u0153ur\""},"image":{"@id":"https:\/\/www.duodecoeur.fr\/#\/schema\/logo\/image\/"},"sameAs":["https:\/\/www.instagram.com\/association.duo.de.coeur\/"]}]}},"_links":{"self":[{"href":"https:\/\/www.duodecoeur.fr\/index.php?rest_route=\/wp\/v2\/pages\/2","targetHints":{"allow":["GET"]}}],"collection":[{"href":"https:\/\/www.duodecoeur.fr\/index.php?rest_route=\/wp\/v2\/pages"}],"about":[{"href":"https:\/\/www.duodecoeur.fr\/index.php?rest_route=\/wp\/v2\/types\/page"}],"author":[{"embeddable":true,"href":"https:\/\/www.duodecoeur.fr\/index.php?rest_route=\/wp\/v2\/users\/1"}],"replies":[{"embeddable":true,"href":"https:\/\/www.duodecoeur.fr\/index.php?rest_route=%2Fwp%2Fv2%2Fcomments&post=2"}],"version-history":[{"count":23,"href":"https:\/\/www.duodecoeur.fr\/index.php?rest_route=\/wp\/v2\/pages\/2\/revisions"}],"predecessor-version":[{"id":391,"href":"https:\/\/www.duodecoeur.fr\/index.php?rest_route=\/wp\/v2\/pages\/2\/revisions\/391"}],"wp:featuredmedia":[{"embeddable":true,"href":"https:\/\/www.duodecoeur.fr\/index.php?rest_route=\/wp\/v2\/media\/185"}],"wp:attachment":[{"href":"https:\/\/www.duodecoeur.fr\/index.php?rest_route=%2Fwp%2Fv2%2Fmedia&parent=2"}],"curies":[{"name":"wp","href":"https:\/\/api.w.org\/{rel}","templated":true}]}}